{"id":60,"date":"2021-02-17T18:46:46","date_gmt":"2021-02-17T17:46:46","guid":{"rendered":"http:\/\/safe-se21.am.szczecin.pl\/?page_id=60"},"modified":"2021-05-18T14:31:41","modified_gmt":"2021-05-18T12:31:41","slug":"test","status":"publish","type":"page","link":"http:\/\/safe-se21.am.szczecin.pl\/index.php\/home\/test\/","title":{"rendered":"Contact"},"content":{"rendered":"\n<div class=\"wp-block-group\"><div class=\"wp-block-group__inner-container is-layout-flow wp-block-group-is-layout-flow\">\n<div class=\"wp-block-columns is-layout-flex wp-container-core-columns-is-layout-9d6595d7 wp-block-columns-is-layout-flex\">\n<div class=\"wp-block-column is-layout-flow wp-block-column-is-layout-flow\" style=\"flex-basis:100%\">\n<p> Wydzia\u0142 In\u017cynieryjno-Ekonomiczny Transportu <br>\n Akademia Morska w Szczecinie<br>\n ul. H. Pobo\u017cnego 11<br>\n 70-507 Szczecin<br>\n <a href=\"mailto:sa-se21@am.szczecin.pl\">sa-se21@am.szczecin.pl<\/a> <\/p>\n<\/div>\n<\/div>\n<\/div><\/div>\n","protected":false},"excerpt":{"rendered":"<p>Wydzia\u0142 In\u017cynieryjno-Ekonomiczny Transportu Akademia Morska w Szczecinie ul. H. Pobo\u017cnego 11 70-507 Szczecin sa-se21@am.szczecin.pl<\/p>\n","protected":false},"author":1,"featured_media":360,"parent":41,"menu_order":5,"comment_status":"closed","ping_status":"closed","template":"","meta":{"footnotes":""},"class_list":["post-60","page","type-page","status-publish","has-post-thumbnail","hentry"],"_links":{"self":[{"href":"http:\/\/safe-se21.am.szczecin.pl\/index.php\/wp-json\/wp\/v2\/pages\/60","targetHints":{"allow":["GET"]}}],"collection":[{"href":"http:\/\/safe-se21.am.szczecin.pl\/index.php\/wp-json\/wp\/v2\/pages"}],"about":[{"href":"http:\/\/safe-se21.am.szczecin.pl\/index.php\/wp-json\/wp\/v2\/types\/page"}],"author":[{"embeddable":true,"href":"http:\/\/safe-se21.am.szczecin.pl\/index.php\/wp-json\/wp\/v2\/users\/1"}],"replies":[{"embeddable":true,"href":"http:\/\/safe-se21.am.szczecin.pl\/index.php\/wp-json\/wp\/v2\/comments?post=60"}],"version-history":[{"count":6,"href":"http:\/\/safe-se21.am.szczecin.pl\/index.php\/wp-json\/wp\/v2\/pages\/60\/revisions"}],"predecessor-version":[{"id":288,"href":"http:\/\/safe-se21.am.szczecin.pl\/index.php\/wp-json\/wp\/v2\/pages\/60\/revisions\/288"}],"up":[{"embeddable":true,"href":"http:\/\/safe-se21.am.szczecin.pl\/index.php\/wp-json\/wp\/v2\/pages\/41"}],"wp:featuredmedia":[{"embeddable":true,"href":"http:\/\/safe-se21.am.szczecin.pl\/index.php\/wp-json\/wp\/v2\/media\/360"}],"wp:attachment":[{"href":"http:\/\/safe-se21.am.szczecin.pl\/index.php\/wp-json\/wp\/v2\/media?parent=60"}],"curies":[{"name":"wp","href":"https:\/\/api.w.org\/{rel}","templated":true}]}}