{"id":257,"date":"2021-04-22T11:28:33","date_gmt":"2021-04-22T09:28:33","guid":{"rendered":"http:\/\/safe-se21.am.szczecin.pl\/?page_id=257"},"modified":"2021-10-12T19:19:26","modified_gmt":"2021-10-12T17:19:26","slug":"partners-sponsors","status":"publish","type":"page","link":"http:\/\/safe-se21.am.szczecin.pl\/index.php\/home\/partners-sponsors\/","title":{"rendered":"Partners &#038; Sponsors"},"content":{"rendered":"\n<figure class=\"wp-block-video\"><video height=\"500\" style=\"aspect-ratio: 500 \/ 500;\" width=\"500\" autoplay loop src=\"http:\/\/safe-se21.am.szczecin.pl\/wp-content\/uploads\/2021\/10\/Kopia-Zarzad-Morskich-Portow-Szczecin-i-Swinoujscie-S.A.-1-1.mp4\" playsinline><\/video><\/figure>\n\n\n\n<p class=\"has-text-align-center has-text-color has-normal-font-size\" style=\"color:#30a0d8\"><strong>Konferencja  Safety &amp; Security 2021 zosta\u0142a obj\u0119ta patronatem Prezydenta Miasta Szczecin przy wsparciu finansowym w ramach programu Akademicki Szczecin.<\/strong><\/p>\n\n\n\n<div style=\"height:10px\" aria-hidden=\"true\" class=\"wp-block-spacer\"><\/div>\n\n\n\n<h2 class=\"has-text-align-center wp-block-heading\"><strong>Oferta sponsorska<\/strong><\/h2>\n\n\n\n<p class=\"has-text-align-center\">W ramach sponsoringu Konferencji proponujemy Pa\u0144stwu nast\u0119puj\u0105ce formy aktywno\u015bci:<\/p>\n\n\n\n<div style=\"height:4px\" aria-hidden=\"true\" class=\"wp-block-spacer\"><\/div>\n\n\n\n<p class=\"has-black-color has-text-color has-medium-font-size\"><strong>PAKIET GOLD<\/strong><\/p>\n\n\n\n<ul class=\"wp-block-list\"><li>mo\u017cliwo\u015b\u0107 prezentacji na sesji plenarnej Konferencji przed grup\u0105 ok. 100 uczestnik\u00f3w \u0142\u0105cznie (bezpo\u015brednio i&nbsp;online) \u2013 przedstawicieli w\u0142adz regionalnych, administracji, kadry naukowej, student\u00f3w, przedstawicieli sektora gospodarki morskiej i&nbsp;innych pokrewnych. Czas wyst\u0105pienia, prezentacji do 15 minut,<\/li><li>umo\u017cliwienie prezentacji multimedialnej firmy Sponsora (filmy, prezentacje, pokaz slajd\u00f3w itp.) podczas przerw w&nbsp;obradach Konferencji oraz na ekranach w&nbsp;budynku Wydzia\u0142u In\u017cynieryjno-Ekonomicznego Transportu,<\/li><li>umieszczenie dostarczonego banera reklamowego lub tablicy informacyjnej Sponsora, na sali obrad w&nbsp;czasie wszystkich sesji Konferencji,<\/li><li>umieszczenie logotypu Sponsora na stronie internetowej Konferencji,<\/li><li>przekazanie artyku\u0142\u00f3w, materia\u0142\u00f3w reklamowych i&nbsp;informacyjnych (dostarczonych przez Sponsora), wszystkim uczestnikom Konferencji, zamieszczenie na stronie internetowej Konferencji materia\u0142\u00f3w przekazanych w&nbsp;formie elektronicznej.<\/li><\/ul>\n\n\n\n<p><em><u>Cena Sponsoringu<\/u>: 2 000 z\u0142 +VAT<\/em><\/p>\n\n\n\n<p><\/p>\n\n\n\n<div style=\"height:22px\" aria-hidden=\"true\" class=\"wp-block-spacer\"><\/div>\n\n\n\n<p class=\"has-black-color has-text-color has-medium-font-size\"><strong>PAKIET SILVER<\/strong><\/p>\n\n\n\n<ul class=\"wp-block-list\"><li>umieszczenie logotypu Sponsora w&nbsp;prezentacji wy\u015bwietlanej podczas przerw w obradach Konferencji,<\/li><li>umieszczenie logotypu Sponsora na stronie internetowej Konferencji,<\/li><li>umieszczenie dostarczonego banera reklamowego lub tablicy informacyjnej Sponsora na sali obrad w&nbsp;czasie wszystkich sesji Konferencji,<\/li><li>przekazanie artyku\u0142\u00f3w, materia\u0142\u00f3w reklamowych i&nbsp;informacyjnych (dostarczonych przez Sponsora), wszystkim uczestnikom Konferencji.<\/li><\/ul>\n\n\n\n<p><em><u>Cena Sponsoringu<\/u>: 1 000 z\u0142 +VAT<\/em><\/p>\n\n\n\n<div style=\"height:16px\" aria-hidden=\"true\" class=\"wp-block-spacer\"><\/div>\n\n\n\n<p class=\"has-text-align-center has-black-color has-text-color\"><strong>Zainteresowanych zapraszamy do wsp\u00f3\u0142pracy.<\/strong><\/p>\n\n\n\n<p class=\"has-text-align-center\">Czekamy na uwagi, stanowisko i propozycje w&nbsp;celu ustalenia zakresu oferty na miar\u0119 Pa\u0144stwa oczekiwa\u0144 i&nbsp;potrzeb.<\/p>\n","protected":false},"excerpt":{"rendered":"<p>Konferencja Safety &amp; Security 2021 zosta\u0142a obj\u0119ta patronatem Prezydenta Miasta Szczecin przy wsparciu finansowym w ramach programu Akademicki Szczecin. Oferta sponsorska W ramach sponsoringu Konferencji proponujemy Pa\u0144stwu nast\u0119puj\u0105ce formy aktywno\u015bci: PAKIET GOLD mo\u017cliwo\u015b\u0107 prezentacji na sesji plenarnej Konferencji przed grup\u0105 ok. 100 uczestnik\u00f3w \u0142\u0105cznie (bezpo\u015brednio i&nbsp;online) \u2013 przedstawicieli w\u0142adz regionalnych, administracji, kadry naukowej, student\u00f3w, przedstawicieli&#8230;<\/p>\n","protected":false},"author":1,"featured_media":360,"parent":41,"menu_order":4,"comment_status":"closed","ping_status":"closed","template":"","meta":{"footnotes":""},"class_list":["post-257","page","type-page","status-publish","has-post-thumbnail","hentry"],"_links":{"self":[{"href":"http:\/\/safe-se21.am.szczecin.pl\/index.php\/wp-json\/wp\/v2\/pages\/257","targetHints":{"allow":["GET"]}}],"collection":[{"href":"http:\/\/safe-se21.am.szczecin.pl\/index.php\/wp-json\/wp\/v2\/pages"}],"about":[{"href":"http:\/\/safe-se21.am.szczecin.pl\/index.php\/wp-json\/wp\/v2\/types\/page"}],"author":[{"embeddable":true,"href":"http:\/\/safe-se21.am.szczecin.pl\/index.php\/wp-json\/wp\/v2\/users\/1"}],"replies":[{"embeddable":true,"href":"http:\/\/safe-se21.am.szczecin.pl\/index.php\/wp-json\/wp\/v2\/comments?post=257"}],"version-history":[{"count":28,"href":"http:\/\/safe-se21.am.szczecin.pl\/index.php\/wp-json\/wp\/v2\/pages\/257\/revisions"}],"predecessor-version":[{"id":510,"href":"http:\/\/safe-se21.am.szczecin.pl\/index.php\/wp-json\/wp\/v2\/pages\/257\/revisions\/510"}],"up":[{"embeddable":true,"href":"http:\/\/safe-se21.am.szczecin.pl\/index.php\/wp-json\/wp\/v2\/pages\/41"}],"wp:featuredmedia":[{"embeddable":true,"href":"http:\/\/safe-se21.am.szczecin.pl\/index.php\/wp-json\/wp\/v2\/media\/360"}],"wp:attachment":[{"href":"http:\/\/safe-se21.am.szczecin.pl\/index.php\/wp-json\/wp\/v2\/media?parent=257"}],"curies":[{"name":"wp","href":"https:\/\/api.w.org\/{rel}","templated":true}]}}