{"id":113,"date":"2021-02-18T12:09:35","date_gmt":"2021-02-18T11:09:35","guid":{"rendered":"http:\/\/safe-se21.am.szczecin.pl\/?page_id=113"},"modified":"2021-10-14T15:01:43","modified_gmt":"2021-10-14T13:01:43","slug":"program-konferencji","status":"publish","type":"page","link":"http:\/\/safe-se21.am.szczecin.pl\/index.php\/home\/program-konferencji\/","title":{"rendered":"Conference programme"},"content":{"rendered":"\n<h1 class=\"has-medium-font-size wp-block-heading\"><strong><span class=\"has-inline-color has-vivid-red-color\"><strong>Ramowy program konferencji<\/strong> SAFETY&amp;SECURITY2021<\/span><\/strong><\/h1>\n\n\n\n<p class=\"has-vivid-cyan-blue-color has-text-color\"><span class=\"has-inline-color has-black-color\"><strong><strong>Miejsce \u2013 Szczecin, Technopark Pomerania &amp; platforma Zoom<\/strong><\/strong><\/span><\/p>\n\n\n\n<p><strong><span class=\"has-inline-color has-vivid-cyan-blue-color\"><strong>Uk\u0142ad ramowy<\/strong> 14.10.2021<\/span><\/strong><\/p>\n\n\n\n<figure class=\"wp-block-table is-style-regular\"><table><tbody><tr><td>9:00 \u2013 9:30<\/td><td>Rejestracja uczestnik\u00f3w konferencji na miejscu \/ po\u0142\u0105czenie online uczestnik\u00f3w \ud83d\ude42<\/td><\/tr><tr><td>9:30 \u2013 10:00<\/td><td>Powitanie go\u015bci i uczestnik\u00f3w. Otwarcie konferencji. Wyst\u0105pienia oficjalne.<\/td><\/tr><tr><td>10:00 \u2013 11:30<\/td><td><strong>Sesja I \u2013 Bezpiecze\u0144stwo spo\u0142eczne<\/strong><br>Prowadz\u0105cy \u2013 Dr Szczepan Stempi\u0144ski<br>Wyst\u0105pienia:<br>1. Dr Szczepan Stempi\u0144ski (U. Miasta Szczecin) \u2013 Kluczowe determinanty bezpiecze\u0144stwa Gminy Miasto Szczecin<br>2. Rafa\u0142 Zachorski (Urz\u0105d Marsza\u0142kowski)<br>3. Mgr in\u017c. Katarzyna Sosik i mgr in\u017c. Aleksandra Osypchuk (Akademia Morska w Szczecinie) \u2013 Zaopatrzenia budowlane a zr\u00f3wnowa\u017cony miejski transport towarowy na przyk\u0142adzie Szczecina<\/td><\/tr><tr><td>11:30 \u2013 11:50<\/td><td>Przerwa kawowa<\/td><\/tr><tr><td>11:50 \u2013 13:00<\/td><td><strong>Sesja II \u2013 Bezpiecze\u0144stwo w gospodarce morskiej \u2013 wybrane aspekty<\/strong><br>Prowadz\u0105cy \u2013 dr in\u017c. Andrzej Montwi\u0142\u0142<br>Wyst\u0105pienia:<br>1. Wojciech Durczak (VTS \u2013 Urz\u0105d Morski w Szczecinie) \u2013 Bezpiecze\u0144stwo \u017beglugi zadania administracji morskiej<br>2. Adam Pawlak (ZMPSi\u015a SA) \u2013 Spe\u0142nienie standard\u00f3w bezpiecze\u0144stwa port\u00f3w \u2013 atut czy kosztowny obowi\u0105zek podmiot\u00f3w zarz\u0105dzaj\u0105cych portami i operator\u00f3w<br>3. Dr Sylwester Kowalski (Akademia Morska w Szczecinie) \u2013 Stres i choroby psychiczne \u2013 zagro\u017cenie dla bran\u017cy morskiej<\/td><\/tr><tr><td>13:00 \u2013 13:45<\/td><td>Lunch<\/td><\/tr><tr><td>13:45 \u2013 15:00<\/td><td><strong>Sesja III \u2013 Bezpiecze\u0144stwo w transporcie \u2013 wybrane aspekty<\/strong><br>Prowadz\u0105cy \u2013 dr in\u017c. Andrzej Montwi\u0142\u0142<br>Wyst\u0105pienia:<br>1. Dr in\u017c. Andrzej Montwi\u0142\u0142 (Akademia Morska w Szczecinie)<br>2. Pawe\u0142 Berent (DB Port Szczecin) \u2013 Nowoczesne podej\u015bcie do Bezpiecze\u0144stwa i Higieny Pracy w porcie morskim<br>3. Dr in\u017c. Piotr Durajczyk (Akademia Morska w Szczecinie) \u2013 Wp\u0142yw systemu RIS (River Information Services) na wzrost bezpiecze\u0144stwa u\u017cytkownik\u00f3w<\/td><\/tr><tr><td>15:00 \u2013 15:15<\/td><td>Przerwa kawowa<\/td><\/tr><tr><td>15:15 \u2013 16:30<\/td><td><strong>Sesja IV \u2013 Dzia\u0142ania pro\u015brodowiskowe jako element bezpiecze\u0144stwa spo\u0142ecznego<\/strong><br>Prowadz\u0105cy \u2013 dr hab. in\u017c. Jaros\u0142aw Chmiel, prof. AM<br>Wyst\u0105pienia:<br>1. Prof. Alexander Balitskii \u2013 Hydrogen infrastructure and equipment\u2019s long term service and safety in the actual normative documents harmonized with European standards (<em><span class=\"has-inline-color has-luminous-vivid-orange-color\">online<\/span><\/em>)<br>2. Mgr Jakub Kowalik \u2013 Zapotrzebowanie energetyczne \u015bwiatowej floty rybackiej w aspekcie redukcji emisji CO<sub>2<\/sub> w \u017cegludze morskiej (<em><span class=\"has-inline-color has-luminous-vivid-orange-color\">online<\/span><\/em>)<br>3. dr hab. in\u017c. Jaros\u0142aw Chmiel, prof. AM (Akademia Morska w Szczecinie) \u2013 Kszta\u0142cenie interdyscyplinarne a bezpiecze\u0144stwo<\/td><\/tr><tr><td>16:30 \u2013 16:40<\/td><td>Podsumowanie pierwszego dnia konferencji<\/td><\/tr><\/tbody><\/table><\/figure>\n\n\n\n<p><strong><span class=\"has-inline-color has-vivid-cyan-blue-color\"><strong>Uk\u0142ad ramowy<\/strong> 15.10.2021<\/span><\/strong><\/p>\n\n\n\n<figure class=\"wp-block-table\"><table><tbody><tr><td>8:30 \u2013 9:00<\/td><td>Rejestracja uczestnik\u00f3w konferencji na miejscu \/ po\u0142\u0105czenie online uczestnik\u00f3w \ud83d\ude42<\/td><\/tr><tr><td>9:00 \u2013 10:30<\/td><td><strong>Sesja I \u2013 Bezpiecze\u0144stwo w gospodarce morskiej \u2013 wybrane aspekty<\/strong><br>Prowadz\u0105cy \u2013 dr hab. in\u017c. Wojciech Konicki, prof. AMS<br>Wyst\u0105pienia:<br>1. Prof. Ernest Czerma\u0144ski (U. Gda\u0144ski) \u2013 Morskie planowanie przestrzenne jako narz\u0119dzie zarz\u0105dzania przestrzeni\u0105 dla zapewnienia dost\u0119pu do zasob\u00f3w dla wszystkich u\u017cytkownik\u00f3w (<em><span class=\"has-inline-color has-luminous-vivid-orange-color\">online<\/span><\/em>)<br>2. Mgr Michalina Gucma \u2013 Ocena wybranych metod monitoringu zdalnego w wykrywaniu i \u015bledzeniu zanieczyszcze\u0144 \u015brodowiska morskiego (<em><span class=\"has-inline-color has-luminous-vivid-orange-color\">online<\/span><\/em>)<br>3. Przemys\u0142aw Leszczy\u0144ski \u2013 Wykorzystanie dron\u00f3w w monitoringu, transporcie i logistyce (<em><span class=\"has-inline-color has-luminous-vivid-orange-color\">online<\/span><\/em>) <\/td><\/tr><tr><td>10:30 \u2013 10:45<\/td><td>Przerwa kawowa<\/td><\/tr><tr><td>10:45 \u2013 12:00<\/td><td><strong>Sesja II \u2013 Bezpiecze\u0144stwo w transporcie \u2013 wybrane aspekty<\/strong><br>Prowadz\u0105cy \u2013 dr hab. in\u017c. Wojciech Konicki, prof. AMS<br>Wyst\u0105pienia:<br>1. Prof. Wojciech Paprocki (SGH Warszawa) \u2013 Stabilne finansowanie jako fundament<br>bezpiecze\u0144stwa dzia\u0142alno\u015bci w transporcie (<em><span class=\"has-inline-color has-luminous-vivid-orange-color\">online<\/span><\/em>)<br>2. Piotr Ostrowski \u2013 Prawne i merytoryczne aspekty neutralizacji zagro\u017ce\u0144 terrorystycznych w \u017cegludze morskiej i obiektach portowych na wybranym przyk\u0142adzie<br>3. Leise Kelli de Oliviera \u2013 Exploring the relationship between socioeconomic and delivery factors, traffic violations, and crashes involving motorcycle couriers (<em><span class=\"has-inline-color has-luminous-vivid-orange-color\">online<\/span><\/em>) <\/td><\/tr><tr><td>12:00 \u2013 12:15<\/td><td>Przerwa kawowa<\/td><\/tr><tr><td>12:15 \u2013 13:30<\/td><td><strong>Sesja III \u2013 Kluczowe aspekty zarz\u0105dzania bezpiecze\u0144stwem \u2013 wybrane zagadnienia<\/strong><br>Prowadz\u0105cy \u2013 dr in\u017c. Andrzej Montwi\u0142\u0142<br>Wyst\u0105pienia:<br>1. dr in\u017c. Andrzej Montwi\u0142\u0142 (Akademia Morska w Szczecinie) \u2013 Zachodniopomorskie_Offshore 2027 jako element budowania bezpiecze\u0144stwa energetycznego.<\/td><\/tr><tr><td>13:30 \u2013 13:45<\/td><td>Podsumowanie i zako\u0144czenie konferencji<\/td><\/tr><\/tbody><\/table><\/figure>\n\n\n\n<p><a href=\"https:\/\/samszczecin-my.sharepoint.com\/:f:\/g\/personal\/sa-se21_am_szczecin_pl\/Eh3Iz9wsbBZFnXB9HKyTJokBFO_urMfXMjlUgOhYPpQ_bg?e=VgCqOX\" target=\"_blank\" rel=\"noreferrer noopener\"><strong>Materia\u0142y konferencyjne do pobrania<\/strong><\/a><\/p>\n\n\n\n<p><\/p>\n","protected":false},"excerpt":{"rendered":"<p>Ramowy program konferencji SAFETY&amp;SECURITY2021 Miejsce \u2013 Szczecin, Technopark Pomerania &amp; platforma Zoom Uk\u0142ad ramowy 14.10.2021 9:00 \u2013 9:30 Rejestracja uczestnik\u00f3w konferencji na miejscu \/ po\u0142\u0105czenie online uczestnik\u00f3w \ud83d\ude42 9:30 \u2013 10:00 Powitanie go\u015bci i uczestnik\u00f3w. Otwarcie konferencji. Wyst\u0105pienia oficjalne. 10:00 \u2013 11:30 Sesja I \u2013 Bezpiecze\u0144stwo spo\u0142eczneProwadz\u0105cy \u2013 Dr Szczepan Stempi\u0144skiWyst\u0105pienia:1. Dr Szczepan Stempi\u0144ski (U&#8230;.<\/p>\n","protected":false},"author":1,"featured_media":360,"parent":41,"menu_order":2,"comment_status":"closed","ping_status":"closed","template":"","meta":{"footnotes":""},"class_list":["post-113","page","type-page","status-publish","has-post-thumbnail","hentry"],"_links":{"self":[{"href":"http:\/\/safe-se21.am.szczecin.pl\/index.php\/wp-json\/wp\/v2\/pages\/113","targetHints":{"allow":["GET"]}}],"collection":[{"href":"http:\/\/safe-se21.am.szczecin.pl\/index.php\/wp-json\/wp\/v2\/pages"}],"about":[{"href":"http:\/\/safe-se21.am.szczecin.pl\/index.php\/wp-json\/wp\/v2\/types\/page"}],"author":[{"embeddable":true,"href":"http:\/\/safe-se21.am.szczecin.pl\/index.php\/wp-json\/wp\/v2\/users\/1"}],"replies":[{"embeddable":true,"href":"http:\/\/safe-se21.am.szczecin.pl\/index.php\/wp-json\/wp\/v2\/comments?post=113"}],"version-history":[{"count":21,"href":"http:\/\/safe-se21.am.szczecin.pl\/index.php\/wp-json\/wp\/v2\/pages\/113\/revisions"}],"predecessor-version":[{"id":530,"href":"http:\/\/safe-se21.am.szczecin.pl\/index.php\/wp-json\/wp\/v2\/pages\/113\/revisions\/530"}],"up":[{"embeddable":true,"href":"http:\/\/safe-se21.am.szczecin.pl\/index.php\/wp-json\/wp\/v2\/pages\/41"}],"wp:featuredmedia":[{"embeddable":true,"href":"http:\/\/safe-se21.am.szczecin.pl\/index.php\/wp-json\/wp\/v2\/media\/360"}],"wp:attachment":[{"href":"http:\/\/safe-se21.am.szczecin.pl\/index.php\/wp-json\/wp\/v2\/media?parent=113"}],"curies":[{"name":"wp","href":"https:\/\/api.w.org\/{rel}","templated":true}]}}