{"id":110,"date":"2021-02-18T12:09:35","date_gmt":"2021-02-18T11:09:35","guid":{"rendered":"http:\/\/safe-se21.am.szczecin.pl\/?page_id=110"},"modified":"2021-05-25T13:25:46","modified_gmt":"2021-05-25T11:25:46","slug":"komitet-organizacyjny","status":"publish","type":"page","link":"http:\/\/safe-se21.am.szczecin.pl\/index.php\/home\/comittees\/komitet-organizacyjny\/","title":{"rendered":"Organizing committee"},"content":{"rendered":"\n<p style=\"font-size:18px\">  <span class=\"has-inline-color has-black-color\">Andrzej Montwi\u0142\u0142 \u2013 Chairman of the Organizing Committee <br>  Tomasz Dudek<br>  Natalia Drop<br>  Izabela Kami\u0144ska<br>  Agnieszka Fr\u0105czek <br>  Marianna Maruszczak<br>  Karolina Ma\u0142ecka<br>  Dariusz Sa\u0142ata <\/span><\/p>\n\n\n\n<p><\/p>\n","protected":false},"excerpt":{"rendered":"<p>Andrzej Montwi\u0142\u0142 \u2013 Chairman of the Organizing Committee Tomasz Dudek Natalia Drop Izabela Kami\u0144ska Agnieszka Fr\u0105czek Marianna Maruszczak Karolina Ma\u0142ecka Dariusz Sa\u0142ata<\/p>\n","protected":false},"author":1,"featured_media":360,"parent":252,"menu_order":0,"comment_status":"closed","ping_status":"closed","template":"","meta":{"footnotes":""},"class_list":["post-110","page","type-page","status-publish","has-post-thumbnail","hentry"],"_links":{"self":[{"href":"http:\/\/safe-se21.am.szczecin.pl\/index.php\/wp-json\/wp\/v2\/pages\/110","targetHints":{"allow":["GET"]}}],"collection":[{"href":"http:\/\/safe-se21.am.szczecin.pl\/index.php\/wp-json\/wp\/v2\/pages"}],"about":[{"href":"http:\/\/safe-se21.am.szczecin.pl\/index.php\/wp-json\/wp\/v2\/types\/page"}],"author":[{"embeddable":true,"href":"http:\/\/safe-se21.am.szczecin.pl\/index.php\/wp-json\/wp\/v2\/users\/1"}],"replies":[{"embeddable":true,"href":"http:\/\/safe-se21.am.szczecin.pl\/index.php\/wp-json\/wp\/v2\/comments?post=110"}],"version-history":[{"count":12,"href":"http:\/\/safe-se21.am.szczecin.pl\/index.php\/wp-json\/wp\/v2\/pages\/110\/revisions"}],"predecessor-version":[{"id":403,"href":"http:\/\/safe-se21.am.szczecin.pl\/index.php\/wp-json\/wp\/v2\/pages\/110\/revisions\/403"}],"up":[{"embeddable":true,"href":"http:\/\/safe-se21.am.szczecin.pl\/index.php\/wp-json\/wp\/v2\/pages\/252"}],"wp:featuredmedia":[{"embeddable":true,"href":"http:\/\/safe-se21.am.szczecin.pl\/index.php\/wp-json\/wp\/v2\/media\/360"}],"wp:attachment":[{"href":"http:\/\/safe-se21.am.szczecin.pl\/index.php\/wp-json\/wp\/v2\/media?parent=110"}],"curies":[{"name":"wp","href":"https:\/\/api.w.org\/{rel}","templated":true}]}}