{"id":109,"date":"2021-02-18T12:09:34","date_gmt":"2021-02-18T11:09:34","guid":{"rendered":"http:\/\/safe-se21.am.szczecin.pl\/?page_id=109"},"modified":"2021-08-27T08:29:48","modified_gmt":"2021-08-27T06:29:48","slug":"komitet-naukowy","status":"publish","type":"page","link":"http:\/\/safe-se21.am.szczecin.pl\/index.php\/home\/comittees\/komitet-naukowy\/","title":{"rendered":"Scientific committee"},"content":{"rendered":"<p style=\"margin: 0cm;\"><span style=\"font-size: 13.5pt; color: black;\">Wojciech Konicki, Maritime University of Szczecin<\/span><\/p>\n<p style=\"margin: 0cm; font-variant-ligatures: normal; font-variant-caps: normal; orphans: 2; text-align: start; widows: 2; -webkit-text-stroke-width: 0px; text-decoration-thickness: initial; text-decoration-style: initial; text-decoration-color: initial; word-spacing: 0px;\"><span style=\"font-size: 13.5pt; color: black;\">Izabela Dembi\u0144ska, Maritime University of Szczecin<\/span><\/p>\n<p style=\"margin: 0cm; font-variant-ligatures: normal; font-variant-caps: normal; orphans: 2; text-align: start; widows: 2; -webkit-text-stroke-width: 0px; text-decoration-thickness: initial; text-decoration-style: initial; text-decoration-color: initial; word-spacing: 0px;\"><span style=\"font-size: 13.5pt; color: black;\">Stanis\u0142aw Iwan, Maritime University of Szczecin<br \/>\nWojciech Paprocki, SGH Warsaw School of Economics<br \/>\n<\/span><span style=\"font-size: 13.5pt; color: black;\">Mariusz Jedli\u0144ski, Maritime University of Szczecin<\/span><\/p>\n<p style=\"margin: 0cm; font-variant-ligatures: normal; font-variant-caps: normal; orphans: 2; text-align: start; widows: 2; -webkit-text-stroke-width: 0px; text-decoration-thickness: initial; text-decoration-style: initial; text-decoration-color: initial; word-spacing: 0px;\"><span style=\"font-size: 13.5pt; color: black;\">Izabela Kotowska, Maritime University of Szczecin<\/span><\/p>\n<p style=\"margin: 0cm; font-variant-ligatures: normal; font-variant-caps: normal; orphans: 2; text-align: start; widows: 2; -webkit-text-stroke-width: 0px; text-decoration-thickness: initial; text-decoration-style: initial; text-decoration-color: initial; word-spacing: 0px;\"><span style=\"font-size: 13.5pt; color: black;\">Leszek Chybowski, Maritime University of Szczecin<\/span><\/p>\n<p style=\"margin: 0cm; font-variant-ligatures: normal; font-variant-caps: normal; orphans: 2; text-align: start; widows: 2; -webkit-text-stroke-width: 0px; text-decoration-thickness: initial; text-decoration-style: initial; text-decoration-color: initial; word-spacing: 0px;\"><span style=\"font-size: 13.5pt; color: black;\">Remigiusz Iwa\u0144kowicz, Maritime University of Szczecin<\/span><\/p>\n<p style=\"margin: 0cm; font-variant-ligatures: normal; font-variant-caps: normal; orphans: 2; text-align: start; widows: 2; -webkit-text-stroke-width: 0px; text-decoration-thickness: initial; text-decoration-style: initial; text-decoration-color: initial; word-spacing: 0px;\"><span style=\"font-size: 13.5pt; color: black;\">Jerzy Korczak, University of Technology Koszalin<\/span><\/p>\n<p style=\"margin: 0cm; font-variant-ligatures: normal; font-variant-caps: normal; orphans: 2; text-align: start; widows: 2; -webkit-text-stroke-width: 0px; text-decoration-thickness: initial; text-decoration-style: initial; text-decoration-color: initial; word-spacing: 0px;\"><span style=\"font-size: 13.5pt; color: black;\">Kinga Kijewska, Maritime University of Szczecin<\/span><\/p>\n<p style=\"margin: 0cm; font-variant-ligatures: normal; font-variant-caps: normal; orphans: 2; text-align: start; widows: 2; -webkit-text-stroke-width: 0px; text-decoration-thickness: initial; text-decoration-style: initial; text-decoration-color: initial; word-spacing: 0px;\"><span style=\"font-size: 13.5pt; color: black;\">Dariusz Bernacki, Maritime University of Szczecin<\/span><\/p>\n<p style=\"margin: 0cm; font-variant-ligatures: normal; font-variant-caps: normal; orphans: 2; text-align: start; widows: 2; -webkit-text-stroke-width: 0px; text-decoration-thickness: initial; text-decoration-style: initial; text-decoration-color: initial; word-spacing: 0px;\"><span style=\"font-size: 13.5pt; color: black;\">Oliwia Pietrzak, Maritime University of Szczecin<\/span><\/p>\n<p style=\"margin: 0cm; font-variant-ligatures: normal; font-variant-caps: normal; orphans: 2; text-align: start; widows: 2; -webkit-text-stroke-width: 0px; text-decoration-thickness: initial; text-decoration-style: initial; text-decoration-color: initial; word-spacing: 0px;\"><span style=\"font-size: 13.5pt; color: black;\">Krystian Pietrzak, Maritime University of Szczecin<\/span><\/p>\n<p style=\"margin: 0cm; font-variant-ligatures: normal; font-variant-caps: normal; orphans: 2; text-align: start; widows: 2; -webkit-text-stroke-width: 0px; text-decoration-thickness: initial; text-decoration-style: initial; text-decoration-color: initial; word-spacing: 0px;\"><span style=\"font-size: 13.5pt; color: black;\">Aleksandra \u0141apko, Maritime University of Szczecin<\/span><\/p>\n<p style=\"margin: 0cm; font-variant-ligatures: normal; font-variant-caps: normal; orphans: 2; text-align: start; widows: 2; -webkit-text-stroke-width: 0px; text-decoration-thickness: initial; text-decoration-style: initial; text-decoration-color: initial; word-spacing: 0px;\"><span style=\"font-size: 13.5pt; color: black;\">Monika B\u0105k, University of Gdansk<\/span><\/p>\n<p style=\"margin: 0cm; font-variant-ligatures: normal; font-variant-caps: normal; orphans: 2; text-align: start; widows: 2; -webkit-text-stroke-width: 0px; text-decoration-thickness: initial; text-decoration-style: initial; text-decoration-color: initial; word-spacing: 0px;\"><span style=\"font-size: 13.5pt; color: black;\">Aneta Oniszczuk-Jastrz\u0105bek, University of Gdansk<\/span><\/p>\n<p style=\"margin: 0cm; font-variant-ligatures: normal; font-variant-caps: normal; orphans: 2; text-align: start; widows: 2; -webkit-text-stroke-width: 0px; text-decoration-thickness: initial; text-decoration-style: initial; text-decoration-color: initial; word-spacing: 0px;\"><span style=\"font-size: 13.5pt; color: black;\">Cezary Ma\u0144kowski, University of Gdansk<\/span><\/p>\n<p style=\"margin: 0cm; font-variant-ligatures: normal; font-variant-caps: normal; orphans: 2; text-align: start; widows: 2; -webkit-text-stroke-width: 0px; text-decoration-thickness: initial; text-decoration-style: initial; text-decoration-color: initial; word-spacing: 0px;\"><span style=\"font-size: 13.5pt; color: black;\">Ernest Czerma\u0144ski, University of Gdansk<\/span><\/p>\n<p style=\"margin: 0cm; font-variant-ligatures: normal; font-variant-caps: normal; orphans: 2; text-align: start; widows: 2; -webkit-text-stroke-width: 0px; text-decoration-thickness: initial; text-decoration-style: initial; text-decoration-color: initial; word-spacing: 0px;\"><span style=\"font-size: 13.5pt; color: black;\">Christian Lis, University of Szczecin<\/span><\/p>\n<p style=\"margin: 0cm; font-variant-ligatures: normal; font-variant-caps: normal; orphans: 2; text-align: start; widows: 2; -webkit-text-stroke-width: 0px; text-decoration-thickness: initial; text-decoration-style: initial; text-decoration-color: initial; word-spacing: 0px;\"><span style=\"font-size: 13.5pt; color: black;\">Micha\u0142 Pluci\u0144ski, University of Szczecin<\/span><\/p>\n","protected":false},"excerpt":{"rendered":"<p>Wojciech Konicki, Maritime University of Szczecin Izabela Dembi\u0144ska, Maritime University of Szczecin Stanis\u0142aw Iwan, Maritime University of Szczecin Wojciech Paprocki, SGH Warsaw School of Economics Mariusz Jedli\u0144ski, Maritime University of Szczecin Izabela Kotowska, Maritime University of Szczecin Leszek Chybowski, Maritime University of Szczecin Remigiusz Iwa\u0144kowicz, Maritime University of Szczecin Jerzy Korczak, University of Technology Koszalin&#8230;<\/p>\n","protected":false},"author":1,"featured_media":360,"parent":252,"menu_order":0,"comment_status":"closed","ping_status":"closed","template":"","meta":{"footnotes":""},"class_list":["post-109","page","type-page","status-publish","has-post-thumbnail","hentry"],"_links":{"self":[{"href":"http:\/\/safe-se21.am.szczecin.pl\/index.php\/wp-json\/wp\/v2\/pages\/109","targetHints":{"allow":["GET"]}}],"collection":[{"href":"http:\/\/safe-se21.am.szczecin.pl\/index.php\/wp-json\/wp\/v2\/pages"}],"about":[{"href":"http:\/\/safe-se21.am.szczecin.pl\/index.php\/wp-json\/wp\/v2\/types\/page"}],"author":[{"embeddable":true,"href":"http:\/\/safe-se21.am.szczecin.pl\/index.php\/wp-json\/wp\/v2\/users\/1"}],"replies":[{"embeddable":true,"href":"http:\/\/safe-se21.am.szczecin.pl\/index.php\/wp-json\/wp\/v2\/comments?post=109"}],"version-history":[{"count":6,"href":"http:\/\/safe-se21.am.szczecin.pl\/index.php\/wp-json\/wp\/v2\/pages\/109\/revisions"}],"predecessor-version":[{"id":445,"href":"http:\/\/safe-se21.am.szczecin.pl\/index.php\/wp-json\/wp\/v2\/pages\/109\/revisions\/445"}],"up":[{"embeddable":true,"href":"http:\/\/safe-se21.am.szczecin.pl\/index.php\/wp-json\/wp\/v2\/pages\/252"}],"wp:featuredmedia":[{"embeddable":true,"href":"http:\/\/safe-se21.am.szczecin.pl\/index.php\/wp-json\/wp\/v2\/media\/360"}],"wp:attachment":[{"href":"http:\/\/safe-se21.am.szczecin.pl\/index.php\/wp-json\/wp\/v2\/media?parent=109"}],"curies":[{"name":"wp","href":"https:\/\/api.w.org\/{rel}","templated":true}]}}